{"id":6,"date":"2010-06-12T18:42:21","date_gmt":"2010-06-12T18:42:21","guid":{"rendered":"http:\/\/www.sportman.fi.n-serv.kotisivut.com\/?page_id=6"},"modified":"2025-10-27T09:56:52","modified_gmt":"2025-10-27T09:56:52","slug":"profile","status":"publish","type":"page","link":"https:\/\/sportman.fi\/index.php\/profile\/","title":{"rendered":"Jukka"},"content":{"rendered":"\n<style type=\"text\/css\" data-created_by=\"avia_inline_auto\" id=\"style-css-av-5lim-1eaac54058985d8a49feca76309e1fac\">\n.avia-image-container.av-5lim-1eaac54058985d8a49feca76309e1fac .av-image-caption-overlay-center{\ncolor:#ffffff;\n}\n<\/style>\n<div  class='avia-image-container av-5lim-1eaac54058985d8a49feca76309e1fac av-styling- avia-align-center  avia-builder-el-0  el_before_av_textblock  avia-builder-el-first  ' ><div class=\"avia-image-container-inner\"><div class=\"avia-image-overlay-wrap\"><img decoding=\"async\" class='wp-image-6831 avia-img-lazy-loading-not-6831 avia_image' src=\"https:\/\/sportman.fi\/wp-content\/uploads\/2017\/01\/Jukka-Viljanen-256-P9140211_2000px-1024x405.jpg\" alt='' title=''  height=\"405\" width=\"1024\" srcset=\"https:\/\/sportman.fi\/wp-content\/uploads\/2017\/01\/Jukka-Viljanen-256-P9140211_2000px-1024x405.jpg 1024w, https:\/\/sportman.fi\/wp-content\/uploads\/2017\/01\/Jukka-Viljanen-256-P9140211_2000px-300x119.jpg 300w, https:\/\/sportman.fi\/wp-content\/uploads\/2017\/01\/Jukka-Viljanen-256-P9140211_2000px-768x304.jpg 768w, https:\/\/sportman.fi\/wp-content\/uploads\/2017\/01\/Jukka-Viljanen-256-P9140211_2000px.jpg 2000w\" sizes=\"(max-width: 1024px) 100vw, 1024px\" \/><\/div><\/div><\/div>\n<section  class='av_textblock_section av-3ves-24bb2a6855db03da717dcdc7585c45df ' ><div class='avia_textblock ' ><p>Olen saanut elantoni p\u00e4\u00e4asiassa juoksusta vuodesta 2004 alkaen. Sit\u00e4 ennen tein pitk\u00e4n p\u00e4iv\u00e4ty\u00f6n median parissa.<\/p>\n<p>Miten minusta tuli seikkailujuoksija?<\/p>\n<p>Osa 1.Avasin Juoksija-lehden toimiston oven ensimm\u00e4isen kerran vuonna 2003. Olin liikkell\u00e4 ty\u00f6asioissa, sill\u00e4 olin ty\u00f6st\u00e4m\u00e4ss\u00e4 \u00a0er\u00e4\u00e4n energiajuoman mainoskampanjaa ja halusin tutustua tarkemmin Juoksija-lehteen ja sen tekij\u00f6ihin. Tunsin lehden lukijana jo pitk\u00e4lt\u00e4 ajalta, mutta nyt oli hyv\u00e4 tilaisuus tutustua Juoksijan toimitukseen. Ty\u00f6skentelin Kustannus Oy Juoksijalle v.2004-2020 yritykseni Global Adventuresin kautta.<\/p>\n<p>Osa 2.Elettiin vuotta 2005 ja surffailin tapani mukaan ulkomaisilla juoksusivuilla.\u00a0 Er\u00e4\u00e4ll\u00e4 sivulla oli kuva huuruisesta ukosta, joka juoksi kasvomaski naamalla ja lumikeng\u00e4t jalassa paikassa, joka n\u00e4ytti maan ulkopuoliselta planeetalta.Kuva esitti Pohjoisnapamaratonia ja olin aivan myyty ja p\u00e4\u00e4tin sill\u00e4 siunaamalla, ett\u00e4 l\u00e4hden Pohjoisnavalle. N\u00e4in j\u00e4lkik\u00e4teen ajateltuna tuo kuva muutti el\u00e4m\u00e4ni suuntaa melkoisesti.\u00a0 Toteutin unelmani ja matkasin pohjoisnavalle vuonna 2007 ja samalla minulla oli mahdollisuus osallistua my\u00f6s historian ensimm\u00e4iseen pohjoisnavalla j\u00e4rjestettyyn maastopy\u00f6r\u00e4maratoniin (North Pole Bike Extreme).Kun lensimme pohjoisnavalta takaisin kohti Norjan Huippuvuoria ja siit\u00e4 Suomeen, niin p\u00e4\u00e4tin, ett\u00e4 seikkailut saavat jatkoa.<\/p>\n<p>Osa 3.Otin tavoitteeksi luoda juoksusta ammatin. Koska aavikkokisoissa ei ole starttirahoja, niin minun piti laajentaa m\u00e4\u00e4ritelm\u00e4\u00e4 \u201djuoksuammattilainen\u201d.\u00a0 P\u00e4\u00e4tin aloittaa yritysluennot rahoittaakseni seikkailut. Ensimm\u00e4inen yritysluento oli vuonna 2007 ja olen tehnyt niit\u00e4 tasaiseen tahtiin siit\u00e4 alkaen. Kun tavoitteet urheilla maratonia pidemm\u00e4t matkat pohjoisnavalla, Saharassa ja etel\u00e4napamantereella olivat toteutuneet, niin oli aika kokea jotain uutta.<\/p>\n<p>Osa 4.P\u00e4\u00e4tin, ett\u00e4 toteutan jossain vaiheessa oman seikkailujuoksuretkikunnan. Halusin johtaa juoksuprojektia alusta loppuun ja Kalaharin autiomaan halkijuoksu oli n\u00e4ist\u00e4 ensimm\u00e4inen laatuaan.Tavoitteena oli olla ensimm\u00e4inen ihminen, joka juoksee Kalaharin autiomaan halki.\u00a0 Aloitin tiimikaverieni Kirsi Montosen ja Greg Maudin kanssa Trans-Kalahari Adventure Run 1000 km:n juoksun 14.8.2010. Tavoitteena oli juosta autiomaan halki 20 p\u00e4iv\u00e4n aikana. Saavutimme tavoitteen 3.9.2010.<\/p>\n<p>Osa 5.Seuraava projekti oli Saharan halkijuoksu, joka toteutui tammi-helmikuussa 2012. Olen tiett\u00e4v\u00e4sti ensimm\u00e4inen henkil\u00f6, joka on juossut Saharan halki yksin. Mukana oli kolmen hengen tukitiimi Suomesta sek\u00e4 paikallinen tukiryhm\u00e4.<\/p>\n<p>Osa 6.Asetin pian Saharan halkijuoksun j\u00e4lkeen uuden tavoitteen, juosta Gr\u00f6nlannin j\u00e4\u00e4tik\u00f6n halki huhti-toukokuussa 2013. Matkakumppaniksi tuli Greg Maud.Itse j\u00e4\u00e4tikk\u00f6juoksu p\u00e4\u00e4ttyi jo noin viikon kuluttua aloituksesta. Tiimiimme kuulunut tanskalaismies sairastui vakavasti ja meid\u00e4n oli evakuoitava h\u00e4net pois j\u00e4\u00e4tik\u00f6lt\u00e4.<\/p>\n<p>Osa 7.Huhti-toukokuussa 2019 sain viety\u00e4 Gr\u00f6nlannin projektin p\u00e4\u00e4t\u00f6kseen. Taivalsin j\u00e4\u00e4tik\u00f6n halki 18 p\u00e4iv\u00e4ss\u00e4 kolmen tukitiimin j\u00e4senen Antin, Larsin, Salon sek\u00e4 27 koiran avustamana.<\/p>\n<p>Osa 8. Vuonna 2021 yritin toteuttaa pitk\u00e4aikaisen tavoitteen, Arabian aavikon ylityksen, mutta keho p\u00e4\u00e4tti toisin. Juoksu keskeytyi.<\/p>\n<p>Osa 9. Juoksin noin 400 kilometri\u00e4 Qatarissa (It\u00e4-L\u00e4nsi-Etel\u00e4-It\u00e4) marras-joulukuussa 2023.<\/p>\n<p>Osa 10. Seuraava juoksuseikkailu oli Qatarin j\u00e4lkeen jo kiikarissa. Kev\u00e4\u00e4ll\u00e4 2025 juoksin ensimm\u00e4isen\u00e4 ihmisen\u00e4 (+tiimi) Vatnaj\u00f6kull-j\u00e4\u00e4tik\u00f6n halki.<\/p>\n<p>Osa 11. Seikkailut jatkuvat. Tavoittelen 1000 kilometrin Saharan juoksua lokakuussa 2026.<\/p>\n<p>CV: Nimi: Jukka Viljanen<\/p>\n<p>Asuinpaikka: Nuuksio (Solvik) \/ Espoo. Ammatti: Seikkailujuoksija, luennoitsija.<\/p>\n<p>Sponsorit: Medifon Oy. Merrell, Partioaitta, Panasonic Toughbook<\/p>\n<p>Seikkailu CV (ulkomaat): North Pole Marathon (42,195 km) North Pole Bike Extreme Marathon (maastopy\u00f6r\u00e4maraton,42,195 km)<\/p>\n<p>Libyan Sahara Challenge n.200 km<\/p>\n<p>Antarctic Ultramarathon 100 km<\/p>\n<p>Trans-Kalahari Adventure Run 1000 km (2010)<\/p>\n<p>Saharan halkijuoksu 1628 km (2012)<\/p>\n<p>Gr\u00f6nlannin mannerj\u00e4\u00e4tik\u00f6n ylitys (2019)<\/p>\n<p>Qatar n.400 km (2023)<\/p>\n<p>Vatnaj\u00f6kull (2025). 150 km.<\/p>\n<p>Kotimaa (mm.): Masokistin Unelma (100 km) Mammuttimarssi (100 km) yhdess\u00e4 Ville Tuppuran kanssa.<\/p>\n<p><!--:--><!--:en-->In 2007, Jukka took part in the North Pole Marathon and the North Pole Bike Extreme (both 42.2 km). These events take place on the drifting sea ice between 89\u00b0 and 90\u00b0 north \u2013 just a stone\u2019s throw away from the geographical North Pole.\u201cThe temperature was around -30C. The marathon consisted of 10 laps with the cold being a constant challenge.\u00a0 I struggled to run with snow shoes for the first few laps, but eventually relented and ran the rest of the race without them.\u00a0 For the bike race, we were pedalling on specially designed mountain bikes on a one mile course carved into the ice. It was one of the hardest races I\u2019ve ever done\u201d Going from one extreme to another, Jukka\u2019s next race took him to the Libyan Sahara.\u00a0 He was among 100 other runners to complete a non-stop 200 km run through the world\u2019s largest desert. Jukka\u00b4s next race was the coldest 100 km in the world.\u00a0 The race was held at Patriot Hills in Antarctica. Only three runners braved the 100km race with a further 16 tackling the marathon.\u00a0 It took him 14 hours to complete the 100 km course, finishing in second place.\u00a0 For Jukka, it was the adventure of his life \u2013 not only to participate in the strenuous physical challenge of running in the Antarctic but also to have the opportunity to meet people from all over the world.\u00a0 Stormy weather conditions kept the group in ANI Base Camp long enough time to spend Christmas Eve with 70 other adventurers and to attend a spectacular Christmas dinner. Jukka is always looking for new challenges.\u00a0A team of three runners (Kirsi Montonen, Greg Maud and Jukka) ran across Kalahari Desert during 2010. The distance was 1000 kilometers which took them 20 days to complete it. The most challenging running adventure took place during 2012 when Jukka decided to run across Sahara Desert. This (historical)solo run started in the shadows of Morocco\u00b4s Anti-Atlas mountains and proceed south through the desert until he reached the Senegalise border. The run took Jukka 31 days and he covered 1628 kilometers (1000 miles). During 2019 Jukka managed cross the ice sheet of Greenland on foot. His next goal is to become the first person to run across the largest continuous sand desert &#8220;The Empty Quarter&#8221;. He works doing mainly corporate &amp; motivational speaking. Jukka has a university degree in business and lives in Espoo, Finland.<\/p>\n<\/div><\/section>\n","protected":false},"excerpt":{"rendered":"","protected":false},"author":3,"featured_media":6774,"parent":0,"menu_order":10,"comment_status":"closed","ping_status":"closed","template":"","meta":{"footnotes":""},"class_list":["post-6","page","type-page","status-publish","has-post-thumbnail","hentry"],"_links":{"self":[{"href":"https:\/\/sportman.fi\/index.php\/wp-json\/wp\/v2\/pages\/6","targetHints":{"allow":["GET"]}}],"collection":[{"href":"https:\/\/sportman.fi\/index.php\/wp-json\/wp\/v2\/pages"}],"about":[{"href":"https:\/\/sportman.fi\/index.php\/wp-json\/wp\/v2\/types\/page"}],"author":[{"embeddable":true,"href":"https:\/\/sportman.fi\/index.php\/wp-json\/wp\/v2\/users\/3"}],"replies":[{"embeddable":true,"href":"https:\/\/sportman.fi\/index.php\/wp-json\/wp\/v2\/comments?post=6"}],"version-history":[{"count":25,"href":"https:\/\/sportman.fi\/index.php\/wp-json\/wp\/v2\/pages\/6\/revisions"}],"predecessor-version":[{"id":21757,"href":"https:\/\/sportman.fi\/index.php\/wp-json\/wp\/v2\/pages\/6\/revisions\/21757"}],"wp:featuredmedia":[{"embeddable":true,"href":"https:\/\/sportman.fi\/index.php\/wp-json\/wp\/v2\/media\/6774"}],"wp:attachment":[{"href":"https:\/\/sportman.fi\/index.php\/wp-json\/wp\/v2\/media?parent=6"}],"curies":[{"name":"wp","href":"https:\/\/api.w.org\/{rel}","templated":true}]}}