{"id":5808,"date":"2010-06-12T18:42:10","date_gmt":"2010-06-12T18:42:10","guid":{"rendered":"http:\/\/www.sportman.fi.n-serv.kotisivut.com\/?page_id=10"},"modified":"2017-01-27T01:57:46","modified_gmt":"2017-01-27T01:57:46","slug":"north-pole-marathon-north-pole-bike-extreme","status":"publish","type":"page","link":"https:\/\/sportman.fi\/index.php\/adventures\/north-pole-marathon-north-pole-bike-extreme\/","title":{"rendered":"North Pole Marathon &#038; North Pole Bike Extreme"},"content":{"rendered":"<p><!--:fi--><a href=\"https:\/\/sportman.fi\/wp-content\/uploads\/2010\/06\/MWK0227_570.jpg\"><img loading=\"lazy\" decoding=\"async\" class=\"alignnone size-full wp-image-59\" title=\"North Pole Marathon 2007\" src=\"https:\/\/sportman.fi\/wp-content\/uploads\/2010\/06\/MWK0227_570.jpg\" alt=\"\" width=\"570\" height=\"379\" srcset=\"https:\/\/sportman.fi\/wp-content\/uploads\/2010\/06\/MWK0227_570.jpg 570w, https:\/\/sportman.fi\/wp-content\/uploads\/2010\/06\/MWK0227_570-300x199.jpg 300w\" sizes=\"auto, (max-width: 570px) 100vw, 570px\" \/><\/a><\/p>\n<p><strong>North Pole Marathon<\/strong><\/p>\n<p>Elettiin vuotta 2005 ja surffailin tapani mukaan ulkomaisilla juoksusivuilla.\u00a0 Er\u00e4\u00e4ll\u00e4 sivulla oli kuva huuruisesta ukosta, joka juoksi kasvomaski naamalla ja lumikeng\u00e4t jalassa paikassa, joka n\u00e4ytti maan ulkopuoliselta planeetalta. Sill\u00e4 samalla hetkell\u00e4 p\u00e4\u00e4tin, ett\u00e4 my\u00f6s min\u00e4 juoksen jonakin p\u00e4iv\u00e4n\u00e4 pohjoisnavalla.<\/p>\n<p>Juoksumatka starttasi alkukev\u00e4\u00e4st\u00e4 2007, jolloin lensin Helsingist\u00e4 Tromssan kautta Huippuvuorille. Tapasin siell\u00e4 42 muuta seikkailijaa, joilla oli sama tavoite &#8211; kokea maraton maailman katolla.<br \/>\nKuten tulevat vuodet tulivat osoittamaan, niin t\u00e4m\u00e4k\u00e4\u00e4n juoksumatka ei sujunut k\u00e4sikirjoituksen mukaan.<br \/>\nLento pohjoisnavalle siirtyi yli puoli p\u00e4iv\u00e4\u00e4 suunnitellusta navalla riehuneen myrskyn vuoksi. Viimein meid\u00e4t kuljetettiin Svalbardin pienelle lentokent\u00e4lle ja k\u00e4velimme ven\u00e4l\u00e4isen lentokoneen \u201dAntonov 74\u201d uumeniin.<br \/>\nLento Antonovilla on kokemuksen arvoinen. Koneen sisustus on mallia \u201dkaru\u201d, mutta lentsikan t\u00e4rkein ominaisuus on hyv\u00e4 lentokyky arktisilla alueilla ja se riitt\u00e4\u00e4 ainakin minulle. Noin viiden tunnin lennon j\u00e4lkeen saavuimme \u201dBarneo Base Camp\u201d-nimiselle j\u00e4\u00e4lautalle, joka on ainoa telttakyl\u00e4 pohjoisnavalla. Kello n\u00e4ytti 05.00, kun astuimme koneesta ulos. Jatkuvasti liikkuvalla j\u00e4\u00e4lautalla on useita kymmenen hengen telttoja, joita l\u00e4mmitet\u00e4\u00e4n generaattoreilla. V\u00e4lill\u00e4 l\u00e4mmitys keskeytyy ja silloin tulee vilu. Ensimm\u00e4isen nukutun y\u00f6n j\u00e4ljilt\u00e4 teltan \u201dl\u00e4mp\u00f6tila\u201d oli -10 astetta, mutta ulkona oli yli\u00a0-30.<\/p>\n<p>Saavuimme paikalle siis varhain aamulla ja kisaorganisaattori Richard Donovan ilmoitti, ett\u00e4 tunnin kulttua alkaa juoksu. Ei siis mit\u00e4\u00e4n turhia lepotaukoja vaan heti toimeksi. Min\u00e4 pid\u00e4n suoran toiminnan miehist\u00e4 ja Richard on sellainen. Kysyin \u201dRikulta\u201d onko mahdollista juosta ilman lumikenki\u00e4. Ei ole, kuului vastaus. K\u00e4vin kuitenkin kokeilemassa juoksua lumipenkoissa ja lensin nurin jatkuvalla sy\u00f6t\u00f6ll\u00e4. Olinkohan ottanut drinksuja lennon aikana? Pakko se oli uskoa, ei muuta kun lumikeng\u00e4t jalkaan.<\/p>\n<p>Kisa alkoi siin\u00e4 7.00 nurkilla ja l\u00e4hdimme innokkaina matkaan. Olin eritt\u00e4in hyv\u00e4ss\u00e4 kunnossa, sill\u00e4 talven harjoittelu oli mennyt putkeen. Minun oli kuitenkin\u00a0syyt\u00e4 jarrutella juoksun aikana, sill\u00e4 olin saanut kutsun juoksun j\u00e4lkeiselle maastopy\u00f6r\u00e4maratonille ja arvelin sen olevan todella raskas.<\/p>\n<p>Juoksimme 10 kertaa 4,2 km lenkki\u00e4 ja toisen kierroksen j\u00e4lkeen heitin lumikeng\u00e4t pois. En ole lumikenk\u00e4juoksun suurimpia faneja varsinkaan, kun matkana on maraton yli -30 asteen pakkasessa. Ilman lumikenki\u00e4 lentelin loppumatkan aikana usein kumoon, mutta v\u00e4li\u00e4k\u00f6 sill\u00e4.<\/p>\n<p>My\u00f6s useat muut k\u00e4rkijuoksijat heittiv\u00e4t lumikeng\u00e4t m\u00e4keen matkan varrella.\u00a0Juoksumaratonin aikana suurimman hankaluuen aiheutti kuitenkin\u00a0ravinto..tai oikeastaan sen puute. Kun treenasin\u00a0napamaratonille,\u00a0niin olin pit\u00e4nyt geelej\u00e4 ja patukoita pakastimessa ennen lenkki\u00e4 ja sy\u00f6nyt niit\u00e4 talvilenkin aikana. Pohjoisnavan karu\u00a0ilmasto teki ev\u00e4ist\u00e4ni sy\u00f6m\u00e4kelvottomia. Geeli j\u00e4hmettyi kivikovaksi ja patukan sy\u00f6nti olisi rikkonut leukani. Sain juoksun aikana kaksi lasia suolavett\u00e4 ja yhden l\u00e4tyn. Sain toisenkin l\u00e4tyn, mutta se oli niin j\u00e4\u00e4ss\u00e4, ettei sit\u00e4 voinut sy\u00f6d\u00e4.\u00a0 Tulin maalin sijalla 6. ja tyytyv\u00e4isen\u00e4 aikaani 4.34.<\/p>\n<p>Heti juoksun j\u00e4lkeen rynt\u00e4sin messitelttaan, jossa oli tarjolla puuroa ja mansikkahilloa. S\u00f6in sit\u00e4 pari lautasellista ja menin makuupussiin odottamaan kutsua maastopy\u00f6r\u00e4maratonille. Siit\u00e4 tulikin seikkailu, josta en juuri muista mit\u00e4\u00e4n.<\/p>\n<p><a href=\"https:\/\/sportman.fi\/wp-content\/uploads\/2010\/06\/DSC00066_570.jpg\"><img loading=\"lazy\" decoding=\"async\" class=\"alignnone size-full wp-image-58\" title=\"DSC00066_570\" src=\"https:\/\/sportman.fi\/wp-content\/uploads\/2010\/06\/DSC00066_570.jpg\" alt=\"\" width=\"570\" height=\"428\" srcset=\"https:\/\/sportman.fi\/wp-content\/uploads\/2010\/06\/DSC00066_570.jpg 570w, https:\/\/sportman.fi\/wp-content\/uploads\/2010\/06\/DSC00066_570-300x225.jpg 300w\" sizes=\"auto, (max-width: 570px) 100vw, 570px\" \/><\/a><\/p>\n<p><strong>North Pole Bike Extreme<\/strong><\/p>\n<p>Kun ilmoittauduin pohjoisnavan juoksukisaan, niin yritin saada erikoisluvan juosta maratonin sijaan lyhin mahdollinen ultramaraton, 50 km. Kisaj\u00e4rjest\u00e4j\u00e4 ei suostunut siihen ja h\u00e4n jo hermostui puhelinsoittoihini ja meileihini. Olen joissain asioissa h\u00e4rk\u00e4p\u00e4inen enk\u00e4 anna periksi, joten olin Richardin lahkeessa kuin takiainen. Viimein h\u00e4n sanoi, \u201dJukka, olen aikeissa j\u00e4rjest\u00e4\u00e4 ensimm\u00e4isen maastopy\u00f6r\u00e4maratonin pohjoisnavalla, olisitko kiinnostunut?\u201d. Vastasin, \u201dOK, laske minut mukaan\u201d. Puhelun j\u00e4lkeen mietin taas pari minuuttia\u00a0&#8220;mihin oletkaan taas p\u00e4\u00e4si pist\u00e4nyt&#8221;!<\/p>\n<p>Treenasin talven 2006\/2007 maastopy\u00f6r\u00e4ily\u00e4 mm. Nuuksiossa.<\/p>\n<p>Itse kisassa meit\u00e4 oli 13 maastopy\u00f6r\u00e4ilij\u00e4\u00e4, joista 6 oli juossut maratonin ja 7 oli paikalla \u201dvain\u201d py\u00f6r\u00e4ilem\u00e4ss\u00e4.<br \/>\nVedin itseni tuplamaratonin aikana melko piippuun, joten en muista kisasta hirmuisen paljon. Muistan, kun varpaita alkoi paleltamaan puoliv\u00e4lin tienoolla ihan\u00a0pirusti ja sitten kylmyys h\u00e4visi. Onkohan varpaista mit\u00e4\u00e4n j\u00e4ljell\u00e4 kisan lopulla, mietin. Kuudesta juoksijasta 2 keskeytti. Yhdelle tuli hypotermia tai vast. ja toinen vain uuvahti. Kisaan osallistunut Bobby Bostic, joka on osallistunut useaan Hawaijin Ironman-kisaan,\u00a0 sanoi, ettei ollut polkenut ikin\u00e4 miss\u00e4\u00e4n n\u00e4in kovassa fillarikisassa. Kun tulin maaliin, niin silm\u00e4ni olivat j\u00e4\u00e4tyneet umpeen.<\/p>\n<p>Jokainen py\u00f6r\u00e4ilij\u00e4 (ja juoksija) k\u00e4ytti aluksi suojalaseja, mutta ne meniv\u00e4t huuruun ja j\u00e4\u00e4tyiv\u00e4t umpeen, joten niiden l\u00e4pi ei n\u00e4hnyt yksinkertaisesti mit\u00e4\u00e4n.<\/p>\n<p>N\u00e4in vasemman silm\u00e4n kulmasta mihin piti ajaa, joten p\u00e4\u00e4sin turvallisesti maaliin. Aikaa maastopy\u00f6r\u00e4maratoniin kului 3h47 minuuttia ja sijoitus oli 4.<\/p>\n<p>Py\u00f6r\u00e4kisan j\u00e4lkeen minut ohjattiin (vietiin k\u00e4sipuolesta) norjalaisen sairaanhoitajan pakeille. Olin\u00a0hieman huolissani varpaista, joten h\u00e4n otti keng\u00e4t ja\u00a0tuoksahtelevat sukat\u00a0pois ja hieroi niihin aluksi eloa. Sen j\u00e4lkeen sain l\u00e4mp\u00f6keng\u00e4t jalkaani ja pian alkoi jalkoihin virrata l\u00e4mp\u00f6\u00e4. Olin onnekas, sill\u00e4 en saanut\u00a0paleltumia varpaisiin. Se oli yll\u00e4tys, kuinka varpaat kylmettyv\u00e4t niin pahasti polkimien p\u00e4\u00e4ll\u00e4.\u00a0Taas tuli opittua uusia asioita.<\/p>\n<p>K\u00e4ytt\u00e4m\u00e4mme maastopy\u00f6r\u00e4t oli testattu laboratoriossa -30 asteen pakkasessa ja ne toimivatkin eritt\u00e4in hyvin. Kisan j\u00e4lken kuulimme mukavan uutisen..py\u00f6r\u00e4yhtion omistaja Mr.Grimaldi ilmoitti, ett\u00e4\u00a0saamme pit\u00e4\u00e4 maastopy\u00f6r\u00e4t.\u00a0North Pole -fillareita on valmistettu vain 20 kpl.<\/p>\n<p>Lensimme pian kisan j\u00e4lkeen helikopterilla parin kilometrin p\u00e4\u00e4ss\u00e4 olevalle j\u00e4\u00e4lautalle katsomaan, milt\u00e4 maailman katolla n\u00e4ytt\u00e4\u00e4! Se oli uskomattoman hieno kokemus. Viel\u00e4 k\u00e4yn maapallon pohjallakin\u263a<!--:--><!--:en--><\/p>\n<p><!--:--><\/p>\n","protected":false},"excerpt":{"rendered":"<p>North Pole Marathon Elettiin vuotta 2005 ja surffailin tapani mukaan ulkomaisilla juoksusivuilla.\u00a0 Er\u00e4\u00e4ll\u00e4 sivulla oli kuva huuruisesta ukosta, joka juoksi kasvomaski naamalla ja lumikeng\u00e4t jalassa paikassa, joka n\u00e4ytti maan ulkopuoliselta planeetalta. Sill\u00e4 samalla hetkell\u00e4 p\u00e4\u00e4tin, ett\u00e4 my\u00f6s min\u00e4 juoksen jonakin p\u00e4iv\u00e4n\u00e4 pohjoisnavalla. Juoksumatka starttasi alkukev\u00e4\u00e4st\u00e4 2007, jolloin lensin Helsingist\u00e4 Tromssan kautta Huippuvuorille. Tapasin siell\u00e4 42 [&hellip;]<\/p>\n","protected":false},"author":3,"featured_media":0,"parent":8,"menu_order":0,"comment_status":"closed","ping_status":"closed","template":"","meta":{"footnotes":""},"class_list":["post-5808","page","type-page","status-publish","hentry"],"_links":{"self":[{"href":"https:\/\/sportman.fi\/index.php\/wp-json\/wp\/v2\/pages\/5808","targetHints":{"allow":["GET"]}}],"collection":[{"href":"https:\/\/sportman.fi\/index.php\/wp-json\/wp\/v2\/pages"}],"about":[{"href":"https:\/\/sportman.fi\/index.php\/wp-json\/wp\/v2\/types\/page"}],"author":[{"embeddable":true,"href":"https:\/\/sportman.fi\/index.php\/wp-json\/wp\/v2\/users\/3"}],"replies":[{"embeddable":true,"href":"https:\/\/sportman.fi\/index.php\/wp-json\/wp\/v2\/comments?post=5808"}],"version-history":[{"count":1,"href":"https:\/\/sportman.fi\/index.php\/wp-json\/wp\/v2\/pages\/5808\/revisions"}],"predecessor-version":[{"id":6839,"href":"https:\/\/sportman.fi\/index.php\/wp-json\/wp\/v2\/pages\/5808\/revisions\/6839"}],"up":[{"embeddable":true,"href":"https:\/\/sportman.fi\/index.php\/wp-json\/wp\/v2\/pages\/8"}],"wp:attachment":[{"href":"https:\/\/sportman.fi\/index.php\/wp-json\/wp\/v2\/media?parent=5808"}],"curies":[{"name":"wp","href":"https:\/\/api.w.org\/{rel}","templated":true}]}}