{"id":5807,"date":"2010-06-12T18:49:11","date_gmt":"2010-06-12T18:49:11","guid":{"rendered":"http:\/\/www.sportman.fi.n-serv.kotisivut.com\/?page_id=3"},"modified":"2025-11-28T17:20:34","modified_gmt":"2025-11-28T17:20:34","slug":"home","status":"publish","type":"page","link":"https:\/\/sportman.fi\/","title":{"rendered":"Tervetuloa"},"content":{"rendered":"<div id='full_slider_1'  class='avia-fullwidth-slider main_color avia-shadow   avia-builder-el-0  el_before_av_three_fourth  avia-builder-el-first   container_wrap sidebar_right'  ><div   data-size='no scaling'  data-lightbox_size='large'  data-animation='slide'  data-conditional_play=''  data-ids='21966,21903'  data-video_counter='0'  data-autoplay='true'  data-bg_slider='false'  data-slide_height=''  data-handle='av_slideshow_full'  data-interval='5'  data-class=' image_no_stretch'  data-el_id=''  data-css_id=''  data-scroll_down=''  data-control_layout='av-control-default'  data-custom_markup=''  data-perma_caption=''  data-autoplay_stopper=''  data-image_attachment=''  data-min_height='0px'  data-lazy_loading='disabled'  data-src=''  data-position='top left'  data-repeat='no-repeat'  data-attach='scroll'  data-stretch='image_no_stretch'  data-img_scrset=''  class='avia-slideshow avia-slideshow-1  av-control-default av-default-height-applied avia-slideshow-no scaling av_slideshow_full  image_no_stretch avia-slide-slider ' ><ul class='avia-slideshow-inner ' style='padding-bottom: 41.666666666667%;' ><li  class=' slide-1 ' ><div data-rel='slideshow-1' class='avia-slide-wrap '   ><img decoding=\"async\" class=\"wp-image-21966 avia-img-lazy-loading-not-21966\"  src=\"https:\/\/sportman.fi\/wp-content\/uploads\/2025\/11\/Jukka-Viljanen-juoksu-Devold-20250925-0477P9250278-01_-scaled-e1764349115299.jpg\" width=\"1500\" height=\"625\" title='' alt='' srcset=\"https:\/\/sportman.fi\/wp-content\/uploads\/2025\/11\/Jukka-Viljanen-juoksu-Devold-20250925-0477P9250278-01_-scaled-e1764349115299.jpg 1500w, https:\/\/sportman.fi\/wp-content\/uploads\/2025\/11\/Jukka-Viljanen-juoksu-Devold-20250925-0477P9250278-01_-scaled-e1764349115299-300x125.jpg 300w, https:\/\/sportman.fi\/wp-content\/uploads\/2025\/11\/Jukka-Viljanen-juoksu-Devold-20250925-0477P9250278-01_-scaled-e1764349115299-1030x429.jpg 1030w, https:\/\/sportman.fi\/wp-content\/uploads\/2025\/11\/Jukka-Viljanen-juoksu-Devold-20250925-0477P9250278-01_-scaled-e1764349115299-768x320.jpg 768w, https:\/\/sportman.fi\/wp-content\/uploads\/2025\/11\/Jukka-Viljanen-juoksu-Devold-20250925-0477P9250278-01_-scaled-e1764349115299-705x294.jpg 705w\" sizes=\"(max-width: 1500px) 100vw, 1500px\" \/><\/div><\/li><li  class=' slide-2 ' ><div data-rel='slideshow-1' class='avia-slide-wrap '   ><img decoding=\"async\" class=\"wp-image-21903 avia-img-lazy-loading-not-21903\"  src=\"https:\/\/sportman.fi\/wp-content\/uploads\/2025\/11\/TBes2-1.jpg\" width=\"1500\" height=\"625\" title='TBes2' alt='' srcset=\"https:\/\/sportman.fi\/wp-content\/uploads\/2025\/11\/TBes2-1.jpg 1500w, https:\/\/sportman.fi\/wp-content\/uploads\/2025\/11\/TBes2-1-300x125.jpg 300w, https:\/\/sportman.fi\/wp-content\/uploads\/2025\/11\/TBes2-1-1030x429.jpg 1030w, https:\/\/sportman.fi\/wp-content\/uploads\/2025\/11\/TBes2-1-768x320.jpg 768w, https:\/\/sportman.fi\/wp-content\/uploads\/2025\/11\/TBes2-1-705x294.jpg 705w\" sizes=\"(max-width: 1500px) 100vw, 1500px\" \/><\/div><\/li><\/ul><div class='avia-slideshow-arrows avia-slideshow-controls' ><a href='#prev' class='prev-slide ' aria-hidden='true' data-av_icon='\ue87c' data-av_iconfont='entypo-fontello'  tabindex='-1'>Previous<\/a><a href='#next' class='next-slide ' aria-hidden='true' data-av_icon='\ue87d' data-av_iconfont='entypo-fontello'  tabindex='-1'>Next<\/a><\/div><div class='avia-slideshow-dots avia-slideshow-controls'><a href='#1' class='goto-slide active' >1<\/a><a href='#2' class='goto-slide ' >2<\/a><\/div><\/div><\/div><div id='after_full_slider_1'  class='main_color av_default_container_wrap container_wrap sidebar_right'  ><div class='container av-section-cont-open' ><div class='template-page content  av-content-small alpha units'><div class='post-entry post-entry-type-page post-entry-5807'><div class='entry-content-wrapper clearfix'>\n<p><div class='flex_column av-4jawa7-7c019e23c27260773b4b8020737fa24c av_three_fourth  avia-builder-el-1  el_after_av_slideshow_full  el_before_av_one_fourth  avia-builder-el-first  first flex_column_div '   ><section  class='av_textblock_section av-kvoggly5-02349a5e52c06206c257a89d71fa1f4b ' ><div class='avia_textblock ' ><p><strong>Tervetuloa seikkailujuoksija Jukka Viljasen nettisivulle!<\/strong>\u00a0Seikkailut ovat vieneet Jukkaa niin kuumille aavikoille kuin kylmille j\u00e4\u00e4tik\u00f6ille.<\/p>\n<p>H\u00e4net on n\u00e4hty ylitt\u00e4m\u00e4ss\u00e4 mm. Kalaharin ja Saharan autiomaata ja juoksemassa niin Etel\u00e4mantereen kuin Gr\u00f6nlannin j\u00e4\u00e4tik\u00f6ll\u00e4 sek\u00e4 Pohjoisnavalla.<\/p>\n<p>Jukan viimeisin (ja my\u00f6s viimeinen) seikkailu tapahtui Arabian hiekkaer\u00e4maassa 2021.<\/p>\n<\/div><\/section><\/div>\n\n<div class='flex_column av-34uerj-6c9659a7b06e0a6c51d207d99ba254e0 av_one_fourth  avia-builder-el-3  el_after_av_three_fourth  avia-builder-el-last  flex_column_div '   ><\/div>\n<!-- \/wp:post-content -->","protected":false},"excerpt":{"rendered":"","protected":false},"author":3,"featured_media":0,"parent":0,"menu_order":0,"comment_status":"closed","ping_status":"closed","template":"","meta":{"footnotes":""},"class_list":["post-5807","page","type-page","status-publish","hentry"],"_links":{"self":[{"href":"https:\/\/sportman.fi\/index.php\/wp-json\/wp\/v2\/pages\/5807","targetHints":{"allow":["GET"]}}],"collection":[{"href":"https:\/\/sportman.fi\/index.php\/wp-json\/wp\/v2\/pages"}],"about":[{"href":"https:\/\/sportman.fi\/index.php\/wp-json\/wp\/v2\/types\/page"}],"author":[{"embeddable":true,"href":"https:\/\/sportman.fi\/index.php\/wp-json\/wp\/v2\/users\/3"}],"replies":[{"embeddable":true,"href":"https:\/\/sportman.fi\/index.php\/wp-json\/wp\/v2\/comments?post=5807"}],"version-history":[{"count":48,"href":"https:\/\/sportman.fi\/index.php\/wp-json\/wp\/v2\/pages\/5807\/revisions"}],"predecessor-version":[{"id":21996,"href":"https:\/\/sportman.fi\/index.php\/wp-json\/wp\/v2\/pages\/5807\/revisions\/21996"}],"wp:attachment":[{"href":"https:\/\/sportman.fi\/index.php\/wp-json\/wp\/v2\/media?parent=5807"}],"curies":[{"name":"wp","href":"https:\/\/api.w.org\/{rel}","templated":true}]}}