{"id":24,"date":"2010-06-12T18:50:25","date_gmt":"2010-06-12T18:50:25","guid":{"rendered":"http:\/\/www.sportman.fi.n-serv.kotisivut.com\/?page_id=24"},"modified":"2022-05-18T08:58:28","modified_gmt":"2022-05-18T08:58:28","slug":"speaker","status":"publish","type":"page","link":"https:\/\/sportman.fi\/index.php\/speaker\/","title":{"rendered":"Tilaa Jukka puhujaksi"},"content":{"rendered":"<p><img loading=\"lazy\" decoding=\"async\" class=\"alignright size-medium wp-image-6778\" src=\"http:\/\/jukkatest01.menemme.net\/wp-content\/uploads\/2010\/06\/jukka2a-212x300.jpg\" alt=\"\" width=\"212\" height=\"300\" srcset=\"https:\/\/sportman.fi\/wp-content\/uploads\/2010\/06\/jukka2a-212x300.jpg 212w, https:\/\/sportman.fi\/wp-content\/uploads\/2010\/06\/jukka2a.jpg 418w\" sizes=\"auto, (max-width: 212px) 100vw, 212px\" \/>Miten mahdottomalta tuntuvasta tavoitteesta voi tehd\u00e4 totta? Seikkailujuoksija Jukka Viljanen kertoo, kuinka tavoitteet voi saavuttaa. Tilaa Jukka puhujaksi ottamalla yhteytt\u00e4 <strong>jukka.viljanen@sportman.fi<\/strong><\/p>\n<p>Jukka Viljanen on kirjoittanut motivaatiokirjan &#8220;Asennetta Peliin&#8221;,\u00a0 Jukka kehoittaa kirjassaan j\u00e4tt\u00e4m\u00e4\u00e4n pois turhan itsekriittisyyden, sill\u00e4 se est\u00e4\u00e4 tavoitteiden saavuttamisen.<\/p>\n<p>Seikkailujuoksija Jukka Viljanen on luennoinut sadoissa yrityksess\u00e4 ja yhteis\u00f6iss\u00e4 viimeisten vuosien aikana.\u00a0 Jukka luennoi suomen ja englannin kielell\u00e4. H\u00e4n k\u00e4ytt\u00e4\u00e4 esityksiss\u00e4\u00e4n runsaasti kuva-ja videomateriaalia seikkailumatkoiltaan.<\/p>\n<p>Seikkailujuoksija Jukka Viljanen ty\u00f6skenteli viel\u00e4 2000-luvun alussa suuryrityksen markkinointip\u00e4\u00e4llikk\u00f6n\u00e4, mutta on toiminut jo yli 15 vuotta kokop\u00e4iv\u00e4toimisena seikkailija-luennoitsijana.<\/p>\n<p>Jukka Viljanen on suorittanut kauppatieteiden kandidaatin tutkinnon yhdysvaltalaisessa yliopistossa.<\/p>\n<p><b>Ota yhteytt\u00e4 jukka.viljanen@sportman.fi ja tilaa Jukka puhujaksi.<\/b><!--:--><!--:en--><\/p>\n<p>Jukka`s inspirational stories about extending your own limits and potential has some powerful messages for business and everyday life.<\/p>\n<p><strong>Please contact jukka.viljanen@sportman.fi<\/strong><\/p>\n","protected":false},"excerpt":{"rendered":"<p>Miten mahdottomalta tuntuvasta tavoitteesta voi tehd\u00e4 totta? Seikkailujuoksija Jukka Viljanen kertoo, kuinka tavoitteet voi saavuttaa. Tilaa Jukka puhujaksi ottamalla yhteytt\u00e4 jukka.viljanen@sportman.fi Jukka Viljanen on kirjoittanut motivaatiokirjan &#8220;Asennetta Peliin&#8221;,\u00a0 Jukka kehoittaa kirjassaan j\u00e4tt\u00e4m\u00e4\u00e4n pois turhan itsekriittisyyden, sill\u00e4 se est\u00e4\u00e4 tavoitteiden saavuttamisen. Seikkailujuoksija Jukka Viljanen on luennoinut sadoissa yrityksess\u00e4 ja yhteis\u00f6iss\u00e4 viimeisten vuosien aikana.\u00a0 Jukka luennoi suomen [&hellip;]<\/p>\n","protected":false},"author":3,"featured_media":0,"parent":0,"menu_order":40,"comment_status":"closed","ping_status":"closed","template":"","meta":{"footnotes":""},"class_list":["post-24","page","type-page","status-publish","hentry"],"_links":{"self":[{"href":"https:\/\/sportman.fi\/index.php\/wp-json\/wp\/v2\/pages\/24","targetHints":{"allow":["GET"]}}],"collection":[{"href":"https:\/\/sportman.fi\/index.php\/wp-json\/wp\/v2\/pages"}],"about":[{"href":"https:\/\/sportman.fi\/index.php\/wp-json\/wp\/v2\/types\/page"}],"author":[{"embeddable":true,"href":"https:\/\/sportman.fi\/index.php\/wp-json\/wp\/v2\/users\/3"}],"replies":[{"embeddable":true,"href":"https:\/\/sportman.fi\/index.php\/wp-json\/wp\/v2\/comments?post=24"}],"version-history":[{"count":9,"href":"https:\/\/sportman.fi\/index.php\/wp-json\/wp\/v2\/pages\/24\/revisions"}],"predecessor-version":[{"id":13988,"href":"https:\/\/sportman.fi\/index.php\/wp-json\/wp\/v2\/pages\/24\/revisions\/13988"}],"wp:attachment":[{"href":"https:\/\/sportman.fi\/index.php\/wp-json\/wp\/v2\/media?parent=24"}],"curies":[{"name":"wp","href":"https:\/\/api.w.org\/{rel}","templated":true}]}}